{"id":2804,"date":"2020-02-25T18:11:51","date_gmt":"2020-02-25T17:11:51","guid":{"rendered":"https:\/\/www.colegiosantisimo.es\/?page_id=2804"},"modified":"2022-11-20T13:59:46","modified_gmt":"2022-11-20T12:59:46","slug":"preinscripcion-infantil","status":"publish","type":"page","link":"https:\/\/www.colegiosantisimo.es\/?page_id=2804","title":{"rendered":"Preinscripci\u00f3n infantil"},"content":{"rendered":"<p>Ven a formar parte de un proyecto educativo de calidad&nbsp; con una filosof\u00eda de trabajo con las metodolog\u00edas m\u00e1s exitosas, como el m\u00e9todo <strong>Doman<\/strong> de estimulaci\u00f3n temprana, el m\u00e9todo <strong>AMCO<\/strong> para el aprendizaje de Ingl\u00e9s mediante las nuevas tecnolog\u00edas, el m\u00e9todo did\u00e1ctico-pedag\u00f3gico <b>Entusiasmat <\/b>basado en las Inteligencias M\u00faltiples,&nbsp; el m\u00e9todo <strong>Smartick<\/strong> que adapta las matem\u00e1ticas al nivel de tus hijos, y el m\u00e9todo de lectura avanzada <strong>Progrentis<\/strong>, con el que haremos sentir a los ni\u00f1os y ni\u00f1as como casa propia, dando a un sistema m\u00e1s abierto, flexible y din\u00e1mico, a trav\u00e9s de varios ambientes de aprendizaje.<br \/>\n<iframe src=\"https:\/\/docs.google.com\/forms\/d\/e\/1FAIpQLSevDLiocJZJZK84ur8KU5bNO0Bcb5GjLZp4sFXN7i8mRzfTZA\/viewform?embedded=true\" width=\"640\" height=\"1620\" frameborder=\"0\" marginheight=\"0\" marginwidth=\"0\">Cargando\u2026<\/iframe><\/p>\n","protected":false},"excerpt":{"rendered":"<p>Ven a formar parte de un proyecto educativo de calidad&nbsp; con una filosof\u00eda de trabajo con las metodolog\u00edas m\u00e1s exitosas, como el m\u00e9todo Doman de estimulaci\u00f3n temprana, el m\u00e9todo AMCO para el aprendizaje de Ingl\u00e9s mediante las nuevas tecnolog\u00edas, el m\u00e9todo did\u00e1ctico-pedag\u00f3gico Entusiasmat basado en las Inteligencias M\u00faltiples,&nbsp; el m\u00e9todo Smartick que adapta las matem\u00e1ticas [&hellip;]<\/p>\n","protected":false},"author":6,"featured_media":0,"parent":0,"menu_order":0,"comment_status":"closed","ping_status":"closed","template":"","meta":{"footnotes":""},"class_list":["post-2804","page","type-page","status-publish","hentry"],"_links":{"self":[{"href":"https:\/\/www.colegiosantisimo.es\/index.php?rest_route=\/wp\/v2\/pages\/2804","targetHints":{"allow":["GET"]}}],"collection":[{"href":"https:\/\/www.colegiosantisimo.es\/index.php?rest_route=\/wp\/v2\/pages"}],"about":[{"href":"https:\/\/www.colegiosantisimo.es\/index.php?rest_route=\/wp\/v2\/types\/page"}],"author":[{"embeddable":true,"href":"https:\/\/www.colegiosantisimo.es\/index.php?rest_route=\/wp\/v2\/users\/6"}],"replies":[{"embeddable":true,"href":"https:\/\/www.colegiosantisimo.es\/index.php?rest_route=%2Fwp%2Fv2%2Fcomments&post=2804"}],"version-history":[{"count":7,"href":"https:\/\/www.colegiosantisimo.es\/index.php?rest_route=\/wp\/v2\/pages\/2804\/revisions"}],"predecessor-version":[{"id":2931,"href":"https:\/\/www.colegiosantisimo.es\/index.php?rest_route=\/wp\/v2\/pages\/2804\/revisions\/2931"}],"wp:attachment":[{"href":"https:\/\/www.colegiosantisimo.es\/index.php?rest_route=%2Fwp%2Fv2%2Fmedia&parent=2804"}],"curies":[{"name":"wp","href":"https:\/\/api.w.org\/{rel}","templated":true}]}}