{"id":3167,"date":"2021-12-01T18:27:43","date_gmt":"2021-12-01T17:27:43","guid":{"rendered":"https:\/\/www.colegiosantisimo.es\/?page_id=3167"},"modified":"2025-05-04T15:50:58","modified_gmt":"2025-05-04T13:50:58","slug":"preguntas-frecuentes","status":"publish","type":"page","link":"https:\/\/www.colegiosantisimo.es\/?page_id=3167","title":{"rendered":"Preguntas frecuentes"},"content":{"rendered":"<p>Aqu\u00ed les ofrecemos las preguntas que consideramos m\u00e1s frecuentes.<\/p>\n<section id=\"section-id-1597240958918\" class=\"sppb-section\">\n<div class=\"sppb-row-container\">\n<div class=\"sppb-row\">\n<div id=\"column-wrap-id-1597240958930\" class=\"sppb-col-md-6\">\n<div id=\"column-id-1597240958930\" class=\"sppb-column\">\n<div class=\"sppb-column-addons\">\n<div id=\"sppb-addon-wrapper-1597240958932\" class=\"sppb-addon-wrapper\">\n<div id=\"sppb-addon-1597240958932\" class=\"clearfix \">\n<div class=\"sppb-addon sppb-addon-text-block sppb-text-left \">\n<div class=\"sppb-addon-content\">\n<div id=\"sppb-addon-wrapper-1550479374400\" class=\"sppb-addon-wrapper\">\n<div id=\"sppb-addon-1550479374400\" class=\"clearfix \">\n<div class=\"sppb-addon sppb-addon-header sppb-text-center\">\n<p class=\"sppb-addon-title\">\n<\/div>\n<\/div>\n<\/div>\n<\/div>\n<\/div>\n<\/div>\n<\/div>\n<\/div>\n<\/div>\n<\/div>\n<div id=\"column-wrap-id-1597240958933\" class=\"sppb-col-md-6\">\n<div id=\"column-id-1597240958933\" class=\"sppb-column\">\n<div class=\"sppb-column-addons\">\n<div id=\"sppb-addon-wrapper-1597240958935\" class=\"sppb-addon-wrapper\">\n<div id=\"sppb-addon-1597240958935\" class=\"clearfix \">\n<div class=\"sppb-addon sppb-addon-animated-heading sppb-text-center\">\n<h3 class=\"sppb-addon-title animated-heading-text letters scale\" style=\"text-align: center;\"><span class=\"animated-heading-before-part\">intentamos aclarar <\/span><span class=\"animated-heading-after-part\">de forma \u00fatil tus preguntas<\/span><\/h3>\n<\/div>\n<\/div>\n<\/div>\n<\/div>\n<\/div>\n<\/div>\n<\/div>\n<\/div>\n<\/section>\n<section id=\"section-id-1486582303\" class=\"sppb-section\">\n<div class=\"sppb-row-container\">\n<div class=\"sppb-row\">\n<div id=\"column-wrap-id-1486582304\" class=\"sppb-col-sm-12\">\n<div id=\"column-id-1486582304\" class=\"sppb-column\">\n<div class=\"sppb-column-addons\">\n<div id=\"sppb-addon-wrapper-1486582305\" class=\"sppb-addon-wrapper\">\n<div id=\"sppb-addon-1486582305\" class=\"clearfix \">\n<div class=\"sppb-addon sppb-addon-accordion \">\n<div class=\"sppb-addon-content\">\n<div class=\"sppb-panel-group\">\n<div class=\"sppb-panel sppb-panel-modern\"><\/div>\n<\/div>\n<\/div>\n<\/div>\n<\/div>\n<\/div>\n<\/div>\n<\/div>\n<\/div>\n<\/div>\n<div class=\"sppb-row\">\n<div id=\"column-wrap-id-1486582304\" class=\"sppb-col-sm-12\">\n<div id=\"column-id-1486582304\" class=\"sppb-column\">\n<div class=\"sppb-column-addons\">\n<div id=\"sppb-addon-wrapper-1486582305\" class=\"sppb-addon-wrapper\">\n<div id=\"sppb-addon-1486582305\" class=\"clearfix \">\n<div class=\"sppb-addon sppb-addon-accordion \">\n<div class=\"sppb-addon-content\">\n<div class=\"sppb-panel-group\">\n<div class=\"sppb-panel sppb-panel-modern\">\n<div aria-expanded=\"false\" aria-controls=\"sppb-ac-content-1486582305-key-18\"><\/div>\n<div class=\"sppb-panel-heading\" aria-expanded=\"false\" aria-controls=\"sppb-ac-content-1486582305-key-18\"><strong>En qu\u00e9 consiste el Proyecto Educativo del centro?<\/strong><\/div>\n<\/div>\n<\/div>\n<\/div>\n<\/div>\n<\/div>\n<\/div>\n<\/div>\n<\/div>\n<\/div>\n<\/div>\n<\/div>\n<\/section>\n<div aria-expanded=\"false\" aria-controls=\"sppb-ac-content-1486582305-key-18\">\n<p><span style=\"font-weight: 400;\">Nuestro proyecto educativo <\/span><span style=\"font-weight: 400;\">\u00a0propone crear un espacio de aprendizaje interactivo para desarrollar tanto las habilidades cognitivas, como las socioemocionales, y as\u00ed contribuir al desarrollo integral del alumno <\/span><span style=\"font-weight: 400;\">desde una visi\u00f3n cristiana del hombre, la vida y el mundo.<\/span><\/p>\n<p><strong>\u00bfCu\u00e1l es aproximadamente la ratio por aula?<\/strong><\/p>\n<\/div>\n<p>La ratio por cada clase depende de la etapa en la que est\u00e9 vuestro hijo, actualmente es de 25 alumnos por clase en educaci\u00f3n infantil 2\u00ba ciclo y educaci\u00f3n primaria, y de 30 alumnos en la etapa de educaci\u00f3n secundaria obligatoria. En infantil 1\u00baciclo 0 a\u00f1os 8 alumnos, 1 a\u00f1o 13 alumnos y 2 a\u00f1os 20 alumnos.<\/p>\n<div aria-expanded=\"false\" aria-controls=\"sppb-ac-content-1486582305-key-18\">\n<p><span style=\"font-weight: 400;\">Excepcionalmente la administraci\u00f3n puede otorgar hasta un 10%\u00a0 de aumento de ratio , si de manera justificada la familia solicita matr\u00edcula.<\/span><\/p>\n<p><span style=\"font-weight: 400;\"><strong>\u00bfD\u00f3nde est\u00e1 ubicado el centro?<\/strong> <\/span><\/p>\n<p><span style=\"font-weight: 400;\">En el centro del pueblo en la calle San Mart\u00edn n\u00aa 25\u00a0<\/span><\/p>\n<p><strong>\u00bfQu\u00e9 importancia se concede a las lenguas?<\/strong><\/p>\n<p><span style=\"font-weight: 400;\">Los idiomas en nuestro colegio son prioritarios, en un mundo cosmopolita, hoy nuestros hijos necesitan conocer bien los idiomas extranjeros y por ello en el colegio ense\u00f1amos\u00a0 en Espa\u00f1ol como lengua prioritaria, tambi\u00e9n en Valenciano,\u00a0 ambas lenguas se tratan como lenguas vehiculares en nuestro plan pluriling\u00fce .<\/span><\/p>\n<p><span style=\"font-weight: 400;\"><strong>\u00bfEs un Colegio Biling\u00fce reconocido por la Comunidad Valenciana?<\/strong> <\/span><\/p>\n<p><span style=\"font-weight: 400;\">Nuestro colegio dispone de un plan pluriling\u00fce y es como est\u00e1 reconocido actualmente <\/span><\/p>\n<p><strong>\u00bfQu\u00e9 otros idiomas se imparten adem\u00e1s del espa\u00f1ol y el ingl\u00e9s?<\/strong><\/p>\n<p><span style=\"font-weight: 400;\">Con respecto al ingl\u00e9s hemos implantado en la etapa de primaria el m\u00e9todo AMCO de inmersi\u00f3n en lengua inglesa con unos magn\u00edficos resultados para nuestros alumnos pues adquieren un muy buen nivel de habla y comprensi\u00f3n , y en Secundaria la profesora es licenciada en filolog\u00eda Anglogerm\u00e1nica que mantiene un nivel avanzado en Ingl\u00e9s. nuestros alumnos de secundaria tambi\u00e9n estudian la lengua Francesa, el profesor licenciado en filolog\u00eda rom\u00e1nica en la especialidad de franc\u00e9s mantiene un\u00a0 nivel avanzado en el idioma. En ambas trabajan en un nivel B1 y se certifican en el nivel A2 tanto en ingl\u00e9s como en Franc\u00e9s en el colegio.<\/span><\/p>\n<p><strong>\u00bfCuenta con servicio de guarder\u00eda?<\/strong><\/p>\n<p><span style=\"font-weight: 400;\">Disponemos de 1\u00ba ciclo de infantil en las edades de 0 a 2 a\u00f1os, con servicio de comedor\u00a0<\/span><\/p>\n<p><span style=\"font-weight: 400;\"><strong>\u00bfDispone de comedor?<\/strong> Disponemos de servicio de comedor de catering, El horario es de 12:30 a 15:00h\u00a0 \u00bfb Servicio de Catering <a href=\"https:\/\/www.serunion.es\/es\">SERUNION<\/a> <strong>\u00bfSe tienen en cuenta posible casos de alergias o intolerancias?<\/strong> Cada a\u00f1o pedimos a las familias que nos comuniquen las intolerancias y alergias que se comunican a la empresa de catering\u00a0 <strong>\u00bfExisten men\u00fas alternativos para estos casos?<\/strong> S\u00ed, se adaptan los men\u00fas para los alumnos<\/span><\/p>\n<p><span style=\"font-weight: 400;\"><strong>En caso de duda \u00bfa qui\u00e9n nos podemos dirigir y en qu\u00e9 momento?<\/strong> Se comunica en secretar\u00eda y desde direcci\u00f3n se resuelve cualquier duda<\/span><\/p>\n<p><strong>\u00bfQu\u00e9 actividades extraescolares se ofertan?<\/strong> Actualmente el servicio lo damos a trav\u00e9s de la empresa Kids Animaci\u00f3n\u00a0 <strong>\u00bfEn qu\u00e9 horarios se desarrollan las mismas?<\/strong> Los horarios actualmente son de 16:30h a 18:00h<\/p>\n<p><strong>\u00bfCu\u00e1l es el horario de la jornada escolar?<\/strong><\/p>\n<p><span style=\"font-weight: 400;\">El horario escolar de las diferentes etapas est\u00e1 comprendido entre es las 8:00 y las 16:30h<\/span><\/p>\n<p><strong>\u00bfDe qu\u00e9 instalaciones dispone el centro?<\/strong><\/p>\n<p><a href=\"https:\/\/www.colegiosantisimo.es\/?page_id=324\"><span style=\"font-weight: 400;\">https:\/\/www.colegiosantisimo.es\/?page_id=324<\/span><\/a><\/p>\n<p><strong>\u00bfQu\u00e9 opciones se ofrecen en el caso de tener hijos en diferentes etapas?<\/strong><\/p>\n<p><span style=\"font-weight: 400;\">Dispone de ayuda a partir del tercer hijo para 1\u00ba ciclo de infantil<\/span><\/p>\n<p><span style=\"font-weight: 400;\">Las cuotas del apa son por familia no por alumno<\/span><\/p>\n<p><strong>En el caso de hacer uso de las Actividades Extraescolares. \u00bfSe encargar\u00e1 el centro de llevar al alumno a dicha actividad?<\/strong><\/p>\n<p><span style=\"font-weight: 400;\">Si, las actividades extraescolares tienen lugar en el colegio por lo cual no salen del mismo y se les ense\u00f1a a los alumnos donde deben acudir a hacer la extraescolar, el tutor es conocedor de que alumnos participan en las actividades.<\/span><\/p>\n<p><strong>\u00bfDisponen los alumnos de E. Infantil de un patio en exclusividad?<\/strong><\/p>\n<p><span style=\"font-weight: 400;\">Si hay un parque cercado para los peque\u00f1os y acolchado con suelo de caucho<\/span><\/p>\n<p><strong>\u00bfSe tienen en cuenta horarios de reposo para los peque\u00f1os tras la comida?<\/strong><\/p>\n<p><span style=\"font-weight: 400;\">Las profesoras estiman y personalizan el reposo dependiendo del alumno<\/span><\/p>\n<p><strong>\u00bfEn qu\u00e9 fechas puedo hacer mi reserva de plaza?<\/strong><\/p>\n<p><span style=\"font-weight: 400;\">La matriculaci\u00f3n de las etapas concertadas las marca la administraci\u00f3n p\u00fablica y suelen ser en abril , no obstante\u00a0 puede hacer una preinscripci\u00f3n para que tengamos sus datos de manera a poder informarles cuando se abra el plazo.\u00a0<\/span><\/p>\n<p><strong>\u00bfQu\u00e9 disponibilidad de matr\u00edculas tiene el centro?<\/strong><\/p>\n<p><span style=\"font-weight: 400;\">\u00a0Las marcadas por la ratio y la ratio por cada clase depende de la etapa en la que est\u00e9 vuestro hijo, actualmente es de 25 alumnos por clase en educaci\u00f3n infantil 2\u00ba ciclo y educaci\u00f3n primaria, y de 30 alumnos en la etapa de educaci\u00f3n secundaria obligatoria. En infantil 1\u00baciclo 0 a\u00f1os 8 alumnos, 1 a\u00f1o 13 alumnos y 2 a\u00f1os 20 alumnos.<\/span><\/p>\n<p><span style=\"font-weight: 400;\">Excepcionalmente la administraci\u00f3n puede otorgar hasta un 10%\u00a0 de aumento de ratio , si de manera justificada la familia solicita matr\u00edcula.<\/span><\/p>\n<p><strong>\u00bfCu\u00e1ndo se hacen p\u00fablicas las listas de admisi\u00f3n?<\/strong><\/p>\n<p><span style=\"font-weight: 400;\">Cada a\u00f1o es diferente , lo marca la administraci\u00f3n educativa<\/span><\/p>\n<p><strong>\u00bfD\u00f3nde puedo comprar el uniforme del centro?<\/strong><\/p>\n<p><span style=\"font-weight: 400;\">El uniforme es de venta exclusiva en la tienda del propio centro. Al principio del curso por la compra de los libros y uniformes se realizan grandes descuentos, y disponemos de un pack de bienvenida para los nuevos alumnos.<\/span><\/p>\n<p><strong>En caso de extrav\u00edo de alguna prenda del uniforme \u00bfa qui\u00e9n debo acudir?<\/strong><\/p>\n<p><span style=\"font-weight: 400;\">El centro recoge los objetos perdidos y los puede pedir en la secretar\u00eda del centro<\/span><\/p>\n<p><strong>\u00bfPueden ser los libros de texto adquiridos en el propio centro?<\/strong><\/p>\n<p><span style=\"font-weight: 400;\">Si cada a\u00f1o el colegio ofrece la posibilidad de comprar los libros y de beneficiarse del porcentaje de ahorro que ronda el 20% de descuento si se pertenece a la asociaci\u00f3n de padres del colegio<\/span><\/p>\n<p><strong>\u00bfD\u00f3nde informarse de que libros son y que material escolar se necesita para el centro?<\/strong><\/p>\n<p><span style=\"font-weight: 400;\">En secretar\u00eda le pondr\u00e1n en contacto con la persona que lleva la venta de libros y materiales <\/span><\/p>\n<p><strong>\u00bfCu\u00e1ndo y c\u00f3mo podr\u00eda entrevistarme con el profesorado de mi hij@?<\/strong><\/p>\n<p><span style=\"font-weight: 400;\">Los tutores tienen una hora de dedicaci\u00f3n a las familias que se publica a inicio de curso en la Programaci\u00f3n General Anual, no obstante como sabemos que los horarios de las familias son dispares, los profesores se adaptan al horario de las familias previa cita.<\/span><\/p>\n<p><strong>\u00bfExiste alg\u00fan otro medio para estar en contacto con el tutor o especialistas?<\/strong><\/p>\n<p><span style=\"font-weight: 400;\">La cita telef\u00f3nica o v\u00eda email son los medios m\u00e1s adecuados y r\u00e1pidos <\/span><\/p>\n<\/div>\n","protected":false},"excerpt":{"rendered":"<p>Aqu\u00ed les ofrecemos las preguntas que consideramos m\u00e1s frecuentes. intentamos aclarar de forma \u00fatil tus preguntas En qu\u00e9 consiste el Proyecto Educativo del centro? Nuestro proyecto educativo \u00a0propone crear un espacio de aprendizaje interactivo para desarrollar tanto las habilidades cognitivas, como las socioemocionales, y as\u00ed contribuir al desarrollo integral del alumno desde una visi\u00f3n cristiana [&hellip;]<\/p>\n","protected":false},"author":5,"featured_media":0,"parent":0,"menu_order":0,"comment_status":"closed","ping_status":"closed","template":"","meta":{"footnotes":""},"class_list":["post-3167","page","type-page","status-publish","hentry"],"_links":{"self":[{"href":"https:\/\/www.colegiosantisimo.es\/index.php?rest_route=\/wp\/v2\/pages\/3167","targetHints":{"allow":["GET"]}}],"collection":[{"href":"https:\/\/www.colegiosantisimo.es\/index.php?rest_route=\/wp\/v2\/pages"}],"about":[{"href":"https:\/\/www.colegiosantisimo.es\/index.php?rest_route=\/wp\/v2\/types\/page"}],"author":[{"embeddable":true,"href":"https:\/\/www.colegiosantisimo.es\/index.php?rest_route=\/wp\/v2\/users\/5"}],"replies":[{"embeddable":true,"href":"https:\/\/www.colegiosantisimo.es\/index.php?rest_route=%2Fwp%2Fv2%2Fcomments&post=3167"}],"version-history":[{"count":12,"href":"https:\/\/www.colegiosantisimo.es\/index.php?rest_route=\/wp\/v2\/pages\/3167\/revisions"}],"predecessor-version":[{"id":3978,"href":"https:\/\/www.colegiosantisimo.es\/index.php?rest_route=\/wp\/v2\/pages\/3167\/revisions\/3978"}],"wp:attachment":[{"href":"https:\/\/www.colegiosantisimo.es\/index.php?rest_route=%2Fwp%2Fv2%2Fmedia&parent=3167"}],"curies":[{"name":"wp","href":"https:\/\/api.w.org\/{rel}","templated":true}]}}