{"id":330,"date":"2014-02-13T21:18:38","date_gmt":"2014-02-13T20:18:38","guid":{"rendered":"http:\/\/www.colegiosantisimo.es\/?page_id=330"},"modified":"2022-11-20T13:59:46","modified_gmt":"2022-11-20T12:59:46","slug":"historia","status":"publish","type":"page","link":"https:\/\/www.colegiosantisimo.es\/?page_id=330","title":{"rendered":"Historia"},"content":{"rendered":"<div align=\"justify\">\n<p><span class=\"system-pagebreak\">El ocho de mayo de 1886, se un\u00edan en matrimonio, en la Iglesia Parroquial de San Mart\u00edn Obispo de Alc\u00e1cer, Don Ricardo Hern\u00e1ndez Hern\u00e1ndez y Do\u00f1a Dorotea Reynal Chanz\u00e1, ambos ten\u00edan 27 y 24 a\u00f1os respectivamente. Este cristiano y laborioso matrimonio tuvo seis hijos: Mar\u00eda Milagros y Ricardo que fallecieron en edad juvenil; Dorotea y Vicente que contrajeron matrimonio y Mar\u00eda y Salvador, \u00e9ste \u00faltimo \u00fanico de los hijos que todav\u00eda vive, y que abrazaron los h\u00e1bitos religiosos.<\/span><\/p>\n<p><img fetchpriority=\"high\" decoding=\"async\" class=\"wp-image-2875 aligncenter\" src=\"https:\/\/www.colegiosantisimo.es\/wp-content\/uploads\/2020\/11\/pano2020.jpg\" alt=\"\" width=\"534\" height=\"241\" srcset=\"https:\/\/www.colegiosantisimo.es\/wp-content\/uploads\/2020\/11\/pano2020.jpg 1000w, https:\/\/www.colegiosantisimo.es\/wp-content\/uploads\/2020\/11\/pano2020-300x135.jpg 300w, https:\/\/www.colegiosantisimo.es\/wp-content\/uploads\/2020\/11\/pano2020-768x346.jpg 768w\" sizes=\"(max-width: 534px) 100vw, 534px\" \/><\/p>\n<p style=\"text-align: center;\"><img decoding=\"async\" class=\" size-full wp-image-13\" style=\"text-align: center;\" src=\"http:\/\/www.colegiosantisimo.es\/wp-content\/uploads\/2010\/03\/pano04blanco.jpg\" alt=\"\" width=\"512\" height=\"239\" srcset=\"https:\/\/www.colegiosantisimo.es\/wp-content\/uploads\/2010\/03\/pano04blanco.jpg 512w, https:\/\/www.colegiosantisimo.es\/wp-content\/uploads\/2010\/03\/pano04blanco-300x140.jpg 300w\" sizes=\"(max-width: 512px) 100vw, 512px\" \/><\/p>\n<p style=\"text-align: justify;\">Don Ricardo ten\u00eda intenci\u00f3n de construir un Colegio dedicado a la Ense\u00f1anza, pero que estuviera regido por religiosas. Concedida la autorizaci\u00f3n por el Sr. Arzobispo, adquiere unos terrenos situados entre las calles San Mart\u00edn, Calvario y Silla, propiedad de la Marquesa de Montortal, comprometi\u00e9ndose ante la misma de que los terrenos nunca ser\u00edan destinados a fines lucrativos. El solar mide 48 metros de largo por 30 de ancho.<\/p>\n<\/div>\n<div style=\"text-align: justify;\" align=\"justify\"><\/div>\n<p class=\"caption\" style=\"text-align: justify;\" align=\"justify\"><span class=\"system-pagebreak\">El proyecto de construcci\u00f3n lo realiza el arquitecto Diocesano D. Manuel Peris Ferrando, el cual confecciona dos planos: uno de ellos consist\u00eda en estar el edificio al centro y todo rodeado de jard\u00edn con vallas. Y el otro, que es el que fue aprobado, se refleja en la construcci\u00f3n que actualmente podemos admirar. La construcci\u00f3n es encargada a los Maestros de obra D. Vicente Romaguera Mar\u00eda y D. Bernardo Mar\u00ed Escricha, dando comienzo en 1911. <\/span><\/p>\n<div style=\"text-align: justify;\" align=\"justify\"><\/div>\n<p class=\"caption\" style=\"text-align: justify;\" align=\"justify\"><span class=\"system-pagebreak\">Avanzadas las obras, a instancias de Don Enrique Reig, quien a\u00f1os m\u00e1s tarde, ser\u00eda Cardenal Primado, se invita a las Religiosas de la Pureza a que se hagan cargo del Colegio, visitando las obras la Madre General en octubre de 1912 e instal\u00e1ndose las mismas el 29 de octubre de 1913, provenientes de Agullent. <\/span><\/p>\n<div style=\"text-align: justify;\" align=\"justify\"><\/div>\n<p class=\"caption\" style=\"text-align: justify;\" align=\"justify\"><span class=\"system-pagebreak\">El d\u00eda 2 de noviembre de 1913, a las 4 de la tarde, se celebr\u00f3 la solemne inauguraci\u00f3n del Colegio, siendo bendecido por el Can\u00f3nigo Penitenciario. Los actos fueron amenizados por la Banda de M\u00fasica que dirig\u00eda D. Salvador Ll\u00e1cer Hern\u00e1ndez, dispar\u00e1ndose durante la noche un castillo de fuegos artificiales, tras la serenata que hubo. Todos los actos fueron a expensas del Sindicato Agr\u00edcola Cat\u00f3lico. <\/span><\/p>\n<div style=\"text-align: justify;\" align=\"justify\"><\/div>\n<p class=\"system-pagebreak\" style=\"text-align: justify;\" align=\"justify\">El d\u00eda 5 de noviembre dieron comienzo las clases, siendo la asistencia muy numerosa, las cuales no se limitaban solamente a la ense\u00f1anza primaria sino que tambi\u00e9n se impart\u00edan a chicas mayores, se daban clases de labores, nocturnas, &#8230;. Los ex\u00e1menes de fin de curso se celebraron con solemnidad, con la asistencia de las Autoridades religiosas, civiles, D. Ricardo y su familia y familiares de los alumnos.<\/p>\n<div style=\"text-align: justify;\" align=\"justify\"><\/div>\n<p class=\"caption\" style=\"text-align: justify;\" align=\"justify\"><span class=\"system-pagebreak\">En diciembre de 1920 se piensa en construir una Capilla coloc\u00e1ndose la primera piedra y bendici\u00e9ndose la campana el 29 de junio de 1921. La construcci\u00f3n de dicha Iglesia pas\u00f3 por diversas vicisitudes. Suspendidas las obras en julio de 1922, se reanudaban en 1923 y se finalizaron en junio de 1924, siendo inaugurada y bendecida el 24 de julio por el Arzobispo Don Enrique Re\u00edg, Cardenal Primado de Espa\u00f1a. <\/span><\/p>\n<div style=\"text-align: justify;\" align=\"justify\"><\/div>\n<p class=\"caption\" style=\"text-align: justify;\" align=\"justify\"><span class=\"system-pagebreak\">El 24 de julio de 1943 se hizo la consagraci\u00f3n del Altar de la Capilla, proyectado por el escultor D. Jos\u00e9 Justo, autor de la restauraci\u00f3n del Templo de San Agust\u00edn de Valencia. <\/span><\/p>\n<div style=\"text-align: justify;\" align=\"justify\"><\/div>\n<p class=\"caption\" style=\"text-align: justify;\" align=\"justify\"><span class=\"system-pagebreak\">El 31 de mayo de 1956, la Reverenda Madre General de las Religiosas de la Pureza expuso al Consejo solicitar del Sr. Arzobispo de Valencia, la clausura de la Casa de Alc\u00e1cer, el Consejo aprob\u00f3 la proposici\u00f3n y el Sr. Arzobispo dio su consentimiento y as\u00ed el 5 de septiembre de 1957 la Madre Galmez Reverenda General anunciaba al Consejo que las \u00faltimas Religiosas hab\u00edan salido ya de Alc\u00e1cer. <\/span><\/p>\n<div style=\"text-align: justify;\" align=\"justify\"><\/div>\n<p class=\"caption\" style=\"text-align: justify;\" align=\"justify\"><span class=\"system-pagebreak\">Por f\u00edn en el a\u00f1o 1961, el d\u00eda 20 de agosto, D. Vicente Aliaga Ferriz, anunciaba a la poblaci\u00f3n: \u201cHoy festividad del Sant\u00edsimo Cristo de la fe, se han hecho cargo de nuestro Colegio, las Hermanas Mantellate Siervas de Mar\u00eda. Pistoia.\u201d <\/span><\/p>\n<div style=\"text-align: justify;\" align=\"justify\"><\/div>\n<p class=\"caption\" style=\"text-align: justify;\" align=\"justify\"><span class=\"system-pagebreak\">En septiembre de dicho a\u00f1o, cinco Religiosas con varios seglares, comenzaron con preescolar, elemental y clases de labor, corte, mecanograf\u00eda, taquigraf\u00eda, piano, &#8230;&#8230;<\/span><\/p>\n<div style=\"text-align: center;\"><img decoding=\"async\" class=\" size-full wp-image-14\" src=\"http:\/\/www.colegiosantisimo.es\/wp-content\/uploads\/2010\/03\/puerta_lapiz2.jpg\" alt=\"\" width=\"640\" height=\"156\" srcset=\"https:\/\/www.colegiosantisimo.es\/wp-content\/uploads\/2010\/03\/puerta_lapiz2.jpg 640w, https:\/\/www.colegiosantisimo.es\/wp-content\/uploads\/2010\/03\/puerta_lapiz2-300x73.jpg 300w, https:\/\/www.colegiosantisimo.es\/wp-content\/uploads\/2010\/03\/puerta_lapiz2-624x152.jpg 624w\" sizes=\"(max-width: 640px) 100vw, 640px\" \/><\/div>\n<div style=\"text-align: justify;\"><\/div>\n<div style=\"text-align: justify;\" align=\"justify\"><\/div>\n<p class=\"caption\" style=\"text-align: justify;\" align=\"justify\"><span class=\"system-pagebreak\">En el a\u00f1o 1978 fueron aprobadas cuatro unidades de infantil. <\/span> B.O.E. 09\/01\/1978.<\/p>\n<div style=\"text-align: justify;\" align=\"justify\"><\/div>\n<p class=\"caption\" style=\"text-align: justify;\" align=\"justify\"><span class=\"system-pagebreak\">En el a\u00f1o 1978 el Colegio recibi\u00f3 la aprobaci\u00f3n \u201cprovisional\u201d de ocho unidades de E.G.B y as\u00ed fue funcionando hasta 1986 como Colegio subvencionado. Los a\u00f1os 1961-1988 son a\u00f1os muy dif\u00edciles para el Colegio: dificultades econ\u00f3micas y de todo tipo, pero gracias al trabajo de las Religiosas, Don Vicente Aliaga y algunos antiguos alumnos del Colegio como Don Jose Antonio G\u00f3mez, Don Miguel Geric\u00f3 y otros muchos padres de buena voluntad, el Colegio fue abri\u00e9ndose camino. <\/span><\/p>\n<div style=\"text-align: justify;\" align=\"justify\"><\/div>\n<p class=\"caption\" style=\"text-align: justify;\" align=\"justify\"><span class=\"system-pagebreak\">En 1986 es nombrado Cura-P\u00e1rroco D. Juan Bautista Antol\u00ed. Comienzan los conciertos educativos con la Conselleria. <\/span><\/p>\n<div style=\"text-align: justify;\" align=\"justify\"><\/div>\n<p class=\"caption\" style=\"text-align: justify;\" align=\"justify\"><span class=\"system-pagebreak\">Es en 1988 cuando el Colegio pasa por otra prueba \u201cde fuego\u201d: o continuar o cerrar puertas, pues emanan de la Conselleria disposiciones relativas a que los Centros con aprobaci\u00f3n provisional tienen un plazo de un a\u00f1o para alcanzar la clasificaci\u00f3n definitiva y de no hacerlo hay que cerrar. Es el momento del cierre de muchos colegios, academias y reducci\u00f3n de unidades en muchos otros Centros. <\/span><\/p>\n<div style=\"text-align: justify;\" align=\"justify\"><\/div>\n<p class=\"caption\" style=\"text-align: justify;\" align=\"justify\"><span class=\"system-pagebreak\">Ante este hecho se prepara toda la documentaci\u00f3n y se llevan a cabo peque\u00f1as reformas en aulas, pero nos encontramos con la dificultad de que la propiedad del complejo educativo y de la casa del Capell\u00e1n es de las Religiosas de la Pureza. <\/span><\/p>\n<div style=\"text-align: justify;\" align=\"justify\"><\/div>\n<p class=\"caption\" style=\"text-align: justify;\" align=\"justify\"><span class=\"system-pagebreak\">A instancias del Cura-P\u00e1rroco el Sr. Vicario General, Ilmo. D. Juan P\u00e9rez Navarro hace las acciones pertinente con la Provincial de Valencia y la Madre General de las Religiosas de la Pureza en Barcelona y esta Congregaci\u00f3n despu\u00e9s de hacer las pertinentes consultas con Roma, hace donaci\u00f3n de todo el bien inmueble y la casa de la calle Calvario al Arzobispado de Valencia. Se ha resuelto as\u00ed un problema que se ven\u00eda arrastrando desde 1957. <\/span><\/p>\n<div style=\"text-align: justify;\" align=\"justify\"><\/div>\n<p class=\"caption\" style=\"text-align: justify;\" align=\"justify\"><span class=\"system-pagebreak\">El 24 de enero de 1989, las Religiosas Mantellate Siervas de Mar\u00eda renunciaron a la Titularidad de dicho Centro. El DOGV n\u00ba 1185, orden del 16 de octubrede 1989, autoriz\u00f3 el cambio de Titularidad pasando esta a ser del Arzobispado de Valencia. En este per\u00edodo el Arzobispo de Valencia D. Miguel Roca Cabanillas, P\u00e1rroco D. Juan Bautista Antol\u00ed Franc\u00e9s y Directora Pedag\u00f3gica Sor Pilar Mart\u00edn Mart\u00edn. <\/span><\/p>\n<div style=\"text-align: justify;\" align=\"justify\"><\/div>\n<p class=\"caption\" style=\"text-align: justify;\" align=\"justify\"><span class=\"system-pagebreak\">De este modo el Colegio tiene ya las condiciones requeridas para solicitar la Clasificaci\u00f3n Definitiva de funcionamiento a la Conselleria y no se podr\u00e1 cerrar el Centro por la Administraci\u00f3n P\u00fablica. <\/span><\/p>\n<div style=\"text-align: justify;\" align=\"justify\"><\/div>\n<p class=\"system-pagebreak\" style=\"text-align: justify;\" align=\"justify\">Las Hermanas Mantellate Siervas de Mar\u00eda han permanecido llevando la Direcci\u00f3n Pedag\u00f3gica y Pastoral del Colegio hasta el a\u00f1o 2001, pues el cambio de Titularidad no afect\u00f3 al r\u00e9gimen de funcionamiento del Centro.<\/p>\n<div style=\"text-align: justify;\" align=\"justify\"><\/div>\n<p class=\"caption\" style=\"text-align: justify;\" align=\"justify\"><span class=\"system-pagebreak\">Las dificultades econ\u00f3micas desde 1986 hasta 1997 han sido constantes, sobre todo por el sacrificio que ha supuesto mantener \u201ca capa y espada\u201d las unidades de Preescolar. <\/span><\/p>\n<div style=\"text-align: justify;\" align=\"justify\"><\/div>\n<p class=\"caption\" style=\"text-align: justify;\" align=\"justify\"><span class=\"system-pagebreak\">En 1992 hay proyecto de Conselleria de implantaci\u00f3n de la E.S.O. (Ense\u00f1anza Secundaria Obligatoria: hasta los 16 a\u00f1os). Y esto supone ampliar las instalaciones en nuestro Centro, preparado para E.G.B. (Ense\u00f1anza General B\u00e1sica: hasta los 14 a\u00f1os). Despu\u00e9s de reflexi\u00f3n y estudio de las posibilidades con todos los estamentos de la comunidad educativa, profesorado, A.P.A., &#8230;.. se cree oportuno crear un nuevo pabell\u00f3n con las instalaciones adecuadas a la nueva legislaci\u00f3n. De lo contrario nos hubi\u00e9ramos quedado con preescolar y primaria (de 4 a 12 a\u00f1os) lo cual cerraba las posibilidades de futuro del Colegio. <\/span><\/p>\n<div style=\"text-align: justify;\" align=\"justify\"><\/div>\n<p class=\"system-pagebreak\" style=\"text-align: justify;\" align=\"justify\">Presentamos proyecto de obras preparado y dirigido por D. Pascual Piles Aracil (Arquitecto) y el 22 de julio de 1993 la Conselleria de Cultura, Educaci\u00f3n y Ciencia aprueba el proyecto de obras para impartir la E.S.O, (cuatro unidades -120 puestos escolares). Se dan todos los pasos para poder comenzar las obras. La econom\u00eda ser\u00e1 nuestro morir con las botas puestas.<\/p>\n<div style=\"text-align: justify;\" align=\"justify\"><\/div>\n<p class=\"system-pagebreak\" style=\"text-align: justify;\" align=\"justify\">Nos esforzaremos, pues este pueblo de Alc\u00e1cer no merece quedarse sin la E.S.O. Ser\u00e1 el primer Centro de E.S.O en la poblaci\u00f3n, pues la Conselleria no ten\u00eda proyectado construir otro Centro en Alc\u00e1cer, seg\u00fan aparec\u00eda en el mapa escolar.<\/p>\n<div style=\"text-align: justify;\" align=\"justify\"><img loading=\"lazy\" decoding=\"async\" class=\"alignnone  wp-image-2229\" src=\"http:\/\/www.colegiosantisimo.es\/wp-content\/uploads\/2018\/07\/Colegio-3D.jpg\" alt=\"\" width=\"610\" height=\"381\" srcset=\"https:\/\/www.colegiosantisimo.es\/wp-content\/uploads\/2018\/07\/Colegio-3D.jpg 1440w, https:\/\/www.colegiosantisimo.es\/wp-content\/uploads\/2018\/07\/Colegio-3D-300x188.jpg 300w, https:\/\/www.colegiosantisimo.es\/wp-content\/uploads\/2018\/07\/Colegio-3D-768x480.jpg 768w, https:\/\/www.colegiosantisimo.es\/wp-content\/uploads\/2018\/07\/Colegio-3D-1024x640.jpg 1024w\" sizes=\"(max-width: 610px) 100vw, 610px\" \/><\/div>\n<p class=\"system-pagebreak\" style=\"text-align: justify;\" align=\"justify\">En junio de 1995 comienzan las obras del nuevo Centro de E.S.O., en la calle Silla dirigidas por D. Pascual Piles Aracil y realizadas por la empresa ALESE, S.L. de esta poblaci\u00f3n. Todo ello gracias a la colaboraci\u00f3n del Titular, Parroquia, A.P.A., profesorado, Ayuntamiento, Cooperativa Agr\u00edcola y donativos de antiguos alumnos y simpatizantes.<\/p>\n<div style=\"text-align: justify;\" align=\"justify\"><\/div>\n<p class=\"system-pagebreak\" style=\"text-align: justify;\" align=\"justify\">En este momento es Arzobispo de Valencia, por la muerte de D. Miguel Roca en accidente de tr\u00e1fico, D. Agust\u00edn Garc\u00eda Gasco, P\u00e1rroco de Alc\u00e1cer D. Juan Bautista Antol\u00ed Franc\u00e9s, Directora Pedag\u00f3gica Sor Pilar Mart\u00edn Mart\u00edn, y Presidenta de la A.P.A. D\u00f1a. Vicenta Navarro.<\/p>\n<div style=\"text-align: justify;\" align=\"justify\"><\/div>\n<p class=\"system-pagebreak\" style=\"text-align: justify;\" align=\"justify\">En septiembre de 1996 comenzaron las clases de E.S.O y en junio del 2000 obtiene el T\u00edtulo la primera promoci\u00f3n.<\/p>\n<div style=\"text-align: justify;\" align=\"justify\"><\/div>\n<div style=\"text-align: justify;\" align=\"justify\"><img loading=\"lazy\" decoding=\"async\" class=\" size-full wp-image-15\" src=\"http:\/\/www.colegiosantisimo.es\/wp-content\/uploads\/2010\/03\/callesilla.jpg\" alt=\"Vista del Colegio desde la calle Silla\" width=\"640\" height=\"219\" srcset=\"https:\/\/www.colegiosantisimo.es\/wp-content\/uploads\/2010\/03\/callesilla.jpg 640w, https:\/\/www.colegiosantisimo.es\/wp-content\/uploads\/2010\/03\/callesilla-300x102.jpg 300w, https:\/\/www.colegiosantisimo.es\/wp-content\/uploads\/2010\/03\/callesilla-624x213.jpg 624w\" sizes=\"(max-width: 640px) 100vw, 640px\" \/><\/div>\n<div style=\"text-align: justify;\" align=\"justify\"><\/div>\n<p class=\"system-pagebreak\" style=\"text-align: justify;\" align=\"justify\">En 1998 transformamos el Centro de Preescolar en Centro de Educaci\u00f3n Infantil (tres unidades). La nueva normativa exige dos metros por alumno, de este modo se podr\u00e1n conseguir ayudas para las tres unidades.<\/p>\n<div style=\"text-align: justify;\" align=\"justify\"><\/div>\n<p class=\"system-pagebreak\" style=\"text-align: justify;\" align=\"justify\">En el 2001 se procede a la ampliaci\u00f3n y rehabilitaci\u00f3n de dos aulas de cincuenta metros cada una con capacidad para 50 alumnos y la construcci\u00f3n de un aula de sesenta metros cuadrados con capacidad para 25 alumnos (Total: 75 alumnos) y la construcci\u00f3n de nuevos vestuarios.<\/p>\n<div style=\"text-align: justify;\" align=\"justify\"><\/div>\n<p class=\"system-pagebreak\" style=\"text-align: justify;\" align=\"justify\">En la vida-historia de un Colegio no todo son inauguraciones y momentos \u00e1lgidos. El trabajo callado, el esp\u00edritu de abnegaci\u00f3n y sacrificio de las Religiosas, profesores, padres, de toda la comunidad educativa, las luchas de cada d\u00eda, la atenci\u00f3n a cada alumno y familia constituyen la verdadera historia de nuestro Colegio y as\u00ed vamos caminando todos con la ayuda del Se\u00f1or y de las Instituciones y personas de buena voluntad ofreciendo a todo el Pueblo de Alc\u00e1cer lo mejor de nosotros mismos, una ense\u00f1anza de calidad, una educaci\u00f3n en valores.<\/p>\n","protected":false},"excerpt":{"rendered":"<p>El ocho de mayo de 1886, se un\u00edan en matrimonio, en la Iglesia Parroquial de San Mart\u00edn Obispo de Alc\u00e1cer, Don Ricardo Hern\u00e1ndez Hern\u00e1ndez y Do\u00f1a Dorotea Reynal Chanz\u00e1, ambos ten\u00edan 27 y 24 a\u00f1os respectivamente. Este cristiano y laborioso matrimonio tuvo seis hijos: Mar\u00eda Milagros y Ricardo que fallecieron en edad juvenil; Dorotea y [&hellip;]<\/p>\n","protected":false},"author":6,"featured_media":0,"parent":0,"menu_order":0,"comment_status":"closed","ping_status":"closed","template":"","meta":{"footnotes":""},"class_list":["post-330","page","type-page","status-publish","hentry"],"_links":{"self":[{"href":"https:\/\/www.colegiosantisimo.es\/index.php?rest_route=\/wp\/v2\/pages\/330","targetHints":{"allow":["GET"]}}],"collection":[{"href":"https:\/\/www.colegiosantisimo.es\/index.php?rest_route=\/wp\/v2\/pages"}],"about":[{"href":"https:\/\/www.colegiosantisimo.es\/index.php?rest_route=\/wp\/v2\/types\/page"}],"author":[{"embeddable":true,"href":"https:\/\/www.colegiosantisimo.es\/index.php?rest_route=\/wp\/v2\/users\/6"}],"replies":[{"embeddable":true,"href":"https:\/\/www.colegiosantisimo.es\/index.php?rest_route=%2Fwp%2Fv2%2Fcomments&post=330"}],"version-history":[{"count":6,"href":"https:\/\/www.colegiosantisimo.es\/index.php?rest_route=\/wp\/v2\/pages\/330\/revisions"}],"predecessor-version":[{"id":2878,"href":"https:\/\/www.colegiosantisimo.es\/index.php?rest_route=\/wp\/v2\/pages\/330\/revisions\/2878"}],"wp:attachment":[{"href":"https:\/\/www.colegiosantisimo.es\/index.php?rest_route=%2Fwp%2Fv2%2Fmedia&parent=330"}],"curies":[{"name":"wp","href":"https:\/\/api.w.org\/{rel}","templated":true}]}}