{"id":3511,"date":"2022-09-12T09:59:51","date_gmt":"2022-09-12T07:59:51","guid":{"rendered":"https:\/\/www.colegiosantisimo.es\/?page_id=3511"},"modified":"2025-06-15T12:27:29","modified_gmt":"2025-06-15T10:27:29","slug":"escuela-mananera-escola-matinera","status":"publish","type":"page","link":"https:\/\/www.colegiosantisimo.es\/?page_id=3511","title":{"rendered":"Escuela ma\u00f1anera \/ Escola matinera"},"content":{"rendered":"<p><span style=\"font-weight: 400;\">La<\/span><b>\u00a0\u201cEscuela matinal \u201d\u00a0<\/b><span style=\"font-weight: 400;\">es un servicio que se da a las familias que necesiten dejar a sus hijos en el colegio antes del inicio de la jornada escolar.\u00a0<\/span><\/p>\n<p><span style=\"font-weight: 400;\">Este servicio empieza a las 7:30h y termina a las 9:00h, que es cuando lo alumnos son acompa\u00f1ados a sus respectivas filas o clases. Es un servicio destinado a alumnos de E. Infantil y E. Primaria.\u00a0<\/span><\/p>\n<p><span style=\"font-weight: 400;\">Durante el servicio, los ni\u00f1os est\u00e1n acompa\u00f1ados de monitores-educadores que se encargan de realizar distintas actividades, para empezar el d\u00eda con alegr\u00eda.<\/span><\/p>\n<p><span style=\"font-weight: 400;\">El control de asistencia se lleva a cabo por parte de los monitores<\/span><\/p>\n<ol>\n<li style=\"font-weight: 400;\" aria-level=\"1\"><span style=\"font-weight: 400;\">Forma de inscripci\u00f3n : comunicado a Secretar\u00eda \/ solicitando a trav\u00e9s de correo electr\u00f3nico\u00a0<\/span><\/li>\n<li style=\"font-weight: 400;\" aria-level=\"1\"><span style=\"font-weight: 400;\">Indique en observaciones si el alumno\/a va CON o SIN desayuno, si asistir\u00e1 mes completo o por d\u00edas, y horario aproximado de entrada.<\/span><\/li>\n<\/ol>\n<ul>\n<li style=\"font-weight: 400;\" aria-level=\"1\"><span style=\"font-weight: 400;\">Fechas: Periodo Lectivo de\u00a0<\/span><b>SEPTIEMBRE <\/b><span style=\"font-weight: 400;\">\u00a0a\u00a0<\/span><b>JUNIO<\/b><\/li>\n<li style=\"font-weight: 400;\" aria-level=\"1\"><span style=\"font-weight: 400;\">D\u00edas: De\u00a0<\/span><b>Lunes<\/b><span style=\"font-weight: 400;\">\u00a0a\u00a0<\/span><b>Viernes<\/b><\/li>\n<li style=\"font-weight: 400;\" aria-level=\"1\"><span style=\"font-weight: 400;\">Horas: de\u00a0<\/span><b>8:00h\u00a0 a 9:00h<\/b><\/li>\n<\/ul>\n<p><span style=\"font-weight: 400;\">Participantes: de\u00a0<\/span><b>3 a 12 a\u00f1os<\/b><span style=\"font-weight: 400;\">.<\/span><\/p>\n<p>&nbsp;<\/p>\n","protected":false},"excerpt":{"rendered":"<p>La\u00a0\u201cEscuela matinal \u201d\u00a0es un servicio que se da a las familias que necesiten dejar a sus hijos en el colegio antes del inicio de la jornada escolar.\u00a0 Este servicio empieza a las 7:30h y termina a las 9:00h, que es cuando lo alumnos son acompa\u00f1ados a sus respectivas filas o clases. Es un servicio destinado [&hellip;]<\/p>\n","protected":false},"author":5,"featured_media":0,"parent":0,"menu_order":0,"comment_status":"closed","ping_status":"closed","template":"","meta":{"footnotes":""},"class_list":["post-3511","page","type-page","status-publish","hentry"],"_links":{"self":[{"href":"https:\/\/www.colegiosantisimo.es\/index.php?rest_route=\/wp\/v2\/pages\/3511","targetHints":{"allow":["GET"]}}],"collection":[{"href":"https:\/\/www.colegiosantisimo.es\/index.php?rest_route=\/wp\/v2\/pages"}],"about":[{"href":"https:\/\/www.colegiosantisimo.es\/index.php?rest_route=\/wp\/v2\/types\/page"}],"author":[{"embeddable":true,"href":"https:\/\/www.colegiosantisimo.es\/index.php?rest_route=\/wp\/v2\/users\/5"}],"replies":[{"embeddable":true,"href":"https:\/\/www.colegiosantisimo.es\/index.php?rest_route=%2Fwp%2Fv2%2Fcomments&post=3511"}],"version-history":[{"count":4,"href":"https:\/\/www.colegiosantisimo.es\/index.php?rest_route=\/wp\/v2\/pages\/3511\/revisions"}],"predecessor-version":[{"id":4076,"href":"https:\/\/www.colegiosantisimo.es\/index.php?rest_route=\/wp\/v2\/pages\/3511\/revisions\/4076"}],"wp:attachment":[{"href":"https:\/\/www.colegiosantisimo.es\/index.php?rest_route=%2Fwp%2Fv2%2Fmedia&parent=3511"}],"curies":[{"name":"wp","href":"https:\/\/api.w.org\/{rel}","templated":true}]}}